{"id":30,"date":"2020-09-09T12:19:37","date_gmt":"2020-09-09T10:19:37","guid":{"rendered":"http:\/\/hofsieling.de\/?page_id=30"},"modified":"2020-09-09T12:19:37","modified_gmt":"2020-09-09T10:19:37","slug":"impressum","status":"publish","type":"page","link":"https:\/\/hofsieling.de\/?page_id=30","title":{"rendered":"Impressum"},"content":{"rendered":"\n<p>Birger\nSieling<\/p>\n\n\n\n<p>Siedenburger\nStra\u00dfe 1<\/p>\n\n\n\n<p>31613\nWietzen<\/p>\n\n\n\n<p>Deutschland<\/p>\n\n\n\n<p>Tel.\n05022 943968<\/p>\n\n\n\n<p>Mobil\n0172 4212998<\/p>\n\n\n\n<p>E-Mail:&nbsp;<a href=\"mailto:sielinglangeln@t-online.de\">sielinglangeln@t-online.de<\/a><\/p>\n\n\n\n<p>Inhaltlich\nverantwortlich gem\u00e4\u00df \u00a7 5 TMG: Birger Sieling<\/p>\n\n\n\n<p><strong>Rechtliche\nHinweise<\/strong><\/p>\n\n\n\n<p><strong>Haftungshinweis:<\/strong><\/p>\n\n\n\n<p>Trotz\nsorgf\u00e4ltiger inhaltlicher Kontrolle k\u00f6nnen sich Angaben auf diesen Webseiten\nzwischenzeitlich ver\u00e4ndert haben. Eine Haftung f\u00fcr die Aktualit\u00e4t, Richtigkeit\nund Vollst\u00e4ndigkeit der zur Verf\u00fcgung gestellten Informationen kann daher nicht\n\u00fcbernommen werden. Gleiches gilt auch f\u00fcr die Inhalte externer Links. F\u00fcr den\nInhalt der verlinkten Seiten sind ausschlie\u00dflich deren Betreiber verantwortlich.<\/p>\n\n\n\n<p><strong>Datenschutzerkl\u00e4rung:<\/strong><\/p>\n\n\n\n<p>Unsere\nWebseite unter der Domain www.hofsieling.de verwendet keine Cookies.\nPers\u00f6nliche Daten werden lediglich im Rahmen der E-Mail Kommunikation und ggf.\nim Rahmen einer weiteren Auftragsbearbeitung o.\u00e4. gespeichert. \u00dcber die\nnotwendige Weitergabe der Daten zur Auftragsbearbeitung an Partnerunternehmen\nhinaus, werden Ihre Daten nicht an Dritte weitergegeben Wenn Sie unsere\nWebseiten besuchen, speichern unsere Webserver standardm\u00e4\u00dfig technische\nZugriffsdaten wie IP-Adresse Ihres Internet Service Providers, Informationen\n\u00fcber den verwendeten Internet-Browser, die Webseite, von der Sie uns besuchen,\ndie Webseiten, die Sie bei uns besuchen sowie Datum und Uhrzeit des Besuchs.\nDiese Daten k\u00f6nnen jedoch nicht einer bestimmten Person zugeordnet werden. Wir\nverwenden diese technischen Zugriffsinformationen ausschlie\u00dflich, um die\nAttraktivit\u00e4t und Bedienbarkeit unserer Webseiten zu verbessern und ggf.\ntechnische Probleme auf unserer Webseite fr\u00fchzeitig zu erkennen.<\/p>\n","protected":false},"excerpt":{"rendered":"<p>Birger Sieling Siedenburger Stra\u00dfe 1 31613 Wietzen Deutschland Tel. 05022 943968 Mobil 0172 4212998 E-Mail:&nbsp;sielinglangeln@t-online.de Inhaltlich verantwortlich gem\u00e4\u00df \u00a7 5 TMG: Birger Sieling Rechtliche Hinweise Haftungshinweis: Trotz sorgf\u00e4ltiger inhaltlicher Kontrolle k\u00f6nnen sich Angaben auf diesen Webseiten zwischenzeitlich ver\u00e4ndert haben. Eine Haftung f\u00fcr die Aktualit\u00e4t, Richtigkeit und Vollst\u00e4ndigkeit der zur Verf\u00fcgung gestellten Informationen kann daher nicht &hellip; <a href=\"https:\/\/hofsieling.de\/?page_id=30\" class=\"more-link\"><span class=\"screen-reader-text\">Impressum<\/span> weiterlesen <span class=\"meta-nav\">&rarr;<\/span><\/a><\/p>\n","protected":false},"author":1,"featured_media":0,"parent":0,"menu_order":0,"comment_status":"closed","ping_status":"closed","template":"","meta":{"footnotes":""},"class_list":["post-30","page","type-page","status-publish","hentry"],"_links":{"self":[{"href":"https:\/\/hofsieling.de\/index.php?rest_route=\/wp\/v2\/pages\/30","targetHints":{"allow":["GET"]}}],"collection":[{"href":"https:\/\/hofsieling.de\/index.php?rest_route=\/wp\/v2\/pages"}],"about":[{"href":"https:\/\/hofsieling.de\/index.php?rest_route=\/wp\/v2\/types\/page"}],"author":[{"embeddable":true,"href":"https:\/\/hofsieling.de\/index.php?rest_route=\/wp\/v2\/users\/1"}],"replies":[{"embeddable":true,"href":"https:\/\/hofsieling.de\/index.php?rest_route=%2Fwp%2Fv2%2Fcomments&post=30"}],"version-history":[{"count":1,"href":"https:\/\/hofsieling.de\/index.php?rest_route=\/wp\/v2\/pages\/30\/revisions"}],"predecessor-version":[{"id":31,"href":"https:\/\/hofsieling.de\/index.php?rest_route=\/wp\/v2\/pages\/30\/revisions\/31"}],"wp:attachment":[{"href":"https:\/\/hofsieling.de\/index.php?rest_route=%2Fwp%2Fv2%2Fmedia&parent=30"}],"curies":[{"name":"wp","href":"https:\/\/api.w.org\/{rel}","templated":true}]}}