{"id":24,"date":"2020-09-09T12:13:22","date_gmt":"2020-09-09T10:13:22","guid":{"rendered":"http:\/\/hofsieling.de\/?page_id=24"},"modified":"2026-03-14T13:31:19","modified_gmt":"2026-03-14T11:31:19","slug":"produkte","status":"publish","type":"page","link":"https:\/\/hofsieling.de\/?page_id=24","title":{"rendered":"Produkte"},"content":{"rendered":"\n<p>Einige unserer Schweine kommen in den Genuss heimischer Eicheln. Das ist\nf\u00fcr Schweine ein echter Leckerbissen: Sie sind jedes Mal ganz aus dem H\u00e4uschen,\nwenn die Eicheln in ihrem Trog landen. Dann knabbern sie lange auf den Eicheln\nherum und genie\u00dfen ihr besonderes Futter, das sie zus\u00e4tzlich zum\nkonventionellen Futter erhalten.<\/p>\n\n\n\n<p>Durch die Eicheln wird das Schweinefleisch besonders fest und erh\u00e4lt einen einzigartigen, nussigen Geschmack. Deshalb sind unsere Produkte auch so lecker. Verarbeitet wird das Fleisch von der <a rel=\"noreferrer noopener\" aria-label=\"Fleischerei Runge in Eystrup (\u00f6ffnet in neuem Tab)\" href=\"https:\/\/www.fleischerei-runge.de\/\" target=\"_blank\">Fleischerei Runge in Eystrup<\/a>.<\/p>\n\n\n\n<figure class=\"wp-block-image size-large\"><img loading=\"lazy\" decoding=\"async\" width=\"1024\" height=\"683\" src=\"http:\/\/hofsieling.de\/wp-12644-content\/uploads\/2020\/09\/03-klein.jpg\" alt=\"\" class=\"wp-image-5\" srcset=\"https:\/\/hofsieling.de\/wp-12644-content\/uploads\/2020\/09\/03-klein.jpg 1024w, https:\/\/hofsieling.de\/wp-12644-content\/uploads\/2020\/09\/03-klein-300x200.jpg 300w, https:\/\/hofsieling.de\/wp-12644-content\/uploads\/2020\/09\/03-klein-768x512.jpg 768w\" sizes=\"auto, (max-width: 1024px) 100vw, 1024px\" \/><\/figure>\n\n\n\n<p><\/p>\n\n\n\n<h2 class=\"wp-block-heading\">Hier k\u00f6nnen Sie unsere Produkte kaufen:<\/h2>\n\n\n\n<h6 class=\"wp-block-heading\">Schinken, Wurst &amp; saisonale Produkte<\/h6>\n\n\n\n<ul class=\"wp-block-list\">\n<li>Sielings Eichel-Mettwurst, Sielings Eichel-Leberwurst und Sielings Eichel-Kochmettwurst gibt es laufend im\u00a0<a href=\"https:\/\/www.edeka.de\/maerkte\/002216\/\" target=\"_blank\" rel=\"noreferrer noopener\">Edeka-Markt Kirchhoff<\/a>\u00a0in Wietzen.<\/li>\n\n\n\n<li>W\u00e4hrend der Spargel- und Heidelbeersaison erhalten Sie Sielings Eichel-Schinken, alle Wurstprodukte, Bratwurst, Krakauer, Schnitzel, Minutensteaks, Nackensteaks und Kotelett beim\u00a0<a href=\"http:\/\/www.fruechtehof-schindler.de\/\" target=\"_blank\" rel=\"noreferrer noopener\">Fr\u00fcchtehof Schindler<\/a>\u00a0in Lemke bzw. auf dem Hof in Warpe.<\/li>\n\n\n\n<li>Mettwurst, Leberwurst und saisonal auch Bratwurst und Krakauer sowie Schnitzel, Minutensteaks oder Knipp finden Sie au\u00dferdem im <a href=\"https:\/\/hof-claus.de\/\" target=\"_blank\" rel=\"noreferrer noopener\"> Hofladen &#8222;Lieblingshof&#8220;<\/a> im Raiffeisen-Markt Wietzen.<\/li>\n\n\n\n<li>Leberwurst und Kochmettwurst finden Sie auch im <a href=\"https:\/\/www.raiffeisenmitte.de\/standorte\/raiffeisen-maerkte\" target=\"_blank\" rel=\"noreferrer noopener\">Raiffeisen-Markt in Lemke<\/a>.<\/li>\n<\/ul>\n\n\n\n<h6 class=\"wp-block-heading\">Frischfleisch<\/h6>\n\n\n\n<ul class=\"wp-block-list\">\n<li>Auch bis nach Bremen haben es unsere leckeren Eichelfleisch-Produkte schon geschafft. In <a href=\"http:\/\/www.antjes-kaaswinkel.de\/\" target=\"_blank\" rel=\"noreferrer noopener\">Antjes Kaaswinkel in der Bremer Pappelstra\u00dfe<\/a> ber\u00e4t Inhaberin Heike Fackeure Sie gern.<\/li>\n<\/ul>\n\n\n\n<h6 class=\"wp-block-heading\">Gastronomie<\/h6>\n\n\n\n<ul id=\"block-0cfb7c19-cf2b-46cb-a792-ca505263eaf3\" class=\"wp-block-list\">\n<li>Das\u00a0<a href=\"http:\/\/www.forsthaus-heiligenberg.de\/\" target=\"_blank\" rel=\"noreferrer noopener\">Forsthaus Heiligenberg<\/a>\u00a0bietet Sielings Eichel-Mettwurst und Sielings Eichel-Leberwurst an.  Au\u00dferdem gibt es dort regionale K\u00f6stlichkeiten\u00a0aus unserem Schweinefleisch.<\/li>\n\n\n\n<li>Zur Grillzeit gibt&#8217;s in <a href=\"https:\/\/www.steimkes-landhotel.de\/\" target=\"_blank\" rel=\"noreferrer noopener\">Steimke&#8217;s Landhotel<\/a> in Graue  Nackensteaks von unseren Schweinen.<\/li>\n\n\n\n<li>Auch in\u00a0<a href=\"https:\/\/okelmanns.de\/geniessen.php\" target=\"_blank\" rel=\"noreferrer noopener\">Okelmann\u2019s Gasthaus<\/a>\u00a0in Warpe wird mit unserem leckeren Eichelfleisch gekocht. Probieren Sie eins der vielen Schnitzel oder die Currywurst \u2013 einfach lecker.<\/li>\n<\/ul>\n","protected":false},"excerpt":{"rendered":"<p>Einige unserer Schweine kommen in den Genuss heimischer Eicheln. Das ist f\u00fcr Schweine ein echter Leckerbissen: Sie sind jedes Mal ganz aus dem H\u00e4uschen, wenn die Eicheln in ihrem Trog landen. Dann knabbern sie lange auf den Eicheln herum und genie\u00dfen ihr besonderes Futter, das sie zus\u00e4tzlich zum konventionellen Futter erhalten. Durch die Eicheln wird &hellip; <a href=\"https:\/\/hofsieling.de\/?page_id=24\" class=\"more-link\"><span class=\"screen-reader-text\">Produkte<\/span> weiterlesen <span class=\"meta-nav\">&rarr;<\/span><\/a><\/p>\n","protected":false},"author":1,"featured_media":0,"parent":0,"menu_order":0,"comment_status":"closed","ping_status":"closed","template":"","meta":{"footnotes":""},"class_list":["post-24","page","type-page","status-publish","hentry"],"_links":{"self":[{"href":"https:\/\/hofsieling.de\/index.php?rest_route=\/wp\/v2\/pages\/24","targetHints":{"allow":["GET"]}}],"collection":[{"href":"https:\/\/hofsieling.de\/index.php?rest_route=\/wp\/v2\/pages"}],"about":[{"href":"https:\/\/hofsieling.de\/index.php?rest_route=\/wp\/v2\/types\/page"}],"author":[{"embeddable":true,"href":"https:\/\/hofsieling.de\/index.php?rest_route=\/wp\/v2\/users\/1"}],"replies":[{"embeddable":true,"href":"https:\/\/hofsieling.de\/index.php?rest_route=%2Fwp%2Fv2%2Fcomments&post=24"}],"version-history":[{"count":14,"href":"https:\/\/hofsieling.de\/index.php?rest_route=\/wp\/v2\/pages\/24\/revisions"}],"predecessor-version":[{"id":121,"href":"https:\/\/hofsieling.de\/index.php?rest_route=\/wp\/v2\/pages\/24\/revisions\/121"}],"wp:attachment":[{"href":"https:\/\/hofsieling.de\/index.php?rest_route=%2Fwp%2Fv2%2Fmedia&parent=24"}],"curies":[{"name":"wp","href":"https:\/\/api.w.org\/{rel}","templated":true}]}}