{"id":2,"date":"2014-04-10T12:58:30","date_gmt":"2014-04-10T12:58:30","guid":{"rendered":"http:\/\/wp12095842.server-he.de\/wordpress\/?page_id=2"},"modified":"2020-09-11T22:45:24","modified_gmt":"2020-09-11T20:45:24","slug":"beispiel-seite","status":"publish","type":"page","link":"https:\/\/hofsieling.de\/","title":{"rendered":"Schweinehaltung mit Tradition &#038; neuen Ideen"},"content":{"rendered":"\n<figure class=\"wp-block-image size-large\"><img loading=\"lazy\" decoding=\"async\" width=\"1024\" height=\"305\" src=\"http:\/\/hofsieling.de\/wp-12644-content\/uploads\/2020\/09\/Hof-Sieling-Logo-1024x305.jpg\" alt=\"\" class=\"wp-image-34\" srcset=\"https:\/\/hofsieling.de\/wp-12644-content\/uploads\/2020\/09\/Hof-Sieling-Logo-1024x305.jpg 1024w, https:\/\/hofsieling.de\/wp-12644-content\/uploads\/2020\/09\/Hof-Sieling-Logo-300x89.jpg 300w, https:\/\/hofsieling.de\/wp-12644-content\/uploads\/2020\/09\/Hof-Sieling-Logo-768x228.jpg 768w, https:\/\/hofsieling.de\/wp-12644-content\/uploads\/2020\/09\/Hof-Sieling-Logo.jpg 1106w\" sizes=\"auto, (max-width: 1024px) 100vw, 1024px\" \/><\/figure>\n\n\n<p>Unser&nbsp;<a href=\"http:\/\/hofsieling.de\/?page_id=21\" target=\"_blank\" rel=\"noopener noreferrer\">Familienbetrieb&nbsp;<\/a>hat eine lange Tradition. Gleichzeitig sind wir immer auf der Suche nach neuen Ideen, damit es unseren Schweinen gut geht und der Hof gest\u00e4rkt in die Zukunft geht.<\/p>\n<ul>\n<li>Im Stall: Besucherraum, Platz, Licht und Spielangebot nach Tierwohl-Standard. Ganz aktuell geben wir unseren Schweinen&nbsp;beispielsweise Luzerneheu, weil sie es gern m\u00f6gen und stundenlang damit spielen k\u00f6nnen.<\/li>\n<li>Eichel-Schweine:&nbsp;Einige Schweine f\u00fcttern wir mit Eicheln aus heimischen W\u00e4ldern. Neben dem Vorteil, dass die Schweine es gern m\u00f6gen und viel damit zu tun haben, entsteht daraus unsere besonders geschmackvolle&nbsp;<a href=\"http:\/\/hofsieling.de\/?page_id=24\" target=\"_blank\" rel=\"noopener noreferrer\">Eichel-Wurst<\/a>.<\/li>\n<\/ul>\n\n\n<figure class=\"wp-block-image size-large\"><img loading=\"lazy\" decoding=\"async\" width=\"683\" height=\"445\" src=\"http:\/\/hofsieling.de\/wp-12644-content\/uploads\/2020\/09\/Hof-Sieling-Birger-01-quer.jpg\" alt=\"\" class=\"wp-image-12\" srcset=\"https:\/\/hofsieling.de\/wp-12644-content\/uploads\/2020\/09\/Hof-Sieling-Birger-01-quer.jpg 683w, https:\/\/hofsieling.de\/wp-12644-content\/uploads\/2020\/09\/Hof-Sieling-Birger-01-quer-300x195.jpg 300w\" sizes=\"auto, (max-width: 683px) 100vw, 683px\" \/><figcaption>Birger Sieling<\/figcaption><\/figure>\n","protected":false},"excerpt":{"rendered":"<p>Unser&nbsp;Familienbetrieb&nbsp;hat eine lange Tradition. Gleichzeitig sind wir immer auf der Suche nach neuen Ideen, damit es unseren Schweinen gut geht und der Hof gest\u00e4rkt in die Zukunft geht. Im Stall: Besucherraum, Platz, Licht und Spielangebot nach Tierwohl-Standard. Ganz aktuell geben wir unseren Schweinen&nbsp;beispielsweise Luzerneheu, weil sie es gern m\u00f6gen und stundenlang damit spielen k\u00f6nnen. Eichel-Schweine:&nbsp;Einige &hellip; <a href=\"https:\/\/hofsieling.de\/\" class=\"more-link\"><span class=\"screen-reader-text\">Schweinehaltung mit Tradition &#038; neuen Ideen<\/span> weiterlesen <span class=\"meta-nav\">&rarr;<\/span><\/a><\/p>\n","protected":false},"author":1,"featured_media":57,"parent":0,"menu_order":0,"comment_status":"closed","ping_status":"open","template":"","meta":{"footnotes":""},"class_list":["post-2","page","type-page","status-publish","has-post-thumbnail","hentry"],"_links":{"self":[{"href":"https:\/\/hofsieling.de\/index.php?rest_route=\/wp\/v2\/pages\/2","targetHints":{"allow":["GET"]}}],"collection":[{"href":"https:\/\/hofsieling.de\/index.php?rest_route=\/wp\/v2\/pages"}],"about":[{"href":"https:\/\/hofsieling.de\/index.php?rest_route=\/wp\/v2\/types\/page"}],"author":[{"embeddable":true,"href":"https:\/\/hofsieling.de\/index.php?rest_route=\/wp\/v2\/users\/1"}],"replies":[{"embeddable":true,"href":"https:\/\/hofsieling.de\/index.php?rest_route=%2Fwp%2Fv2%2Fcomments&post=2"}],"version-history":[{"count":7,"href":"https:\/\/hofsieling.de\/index.php?rest_route=\/wp\/v2\/pages\/2\/revisions"}],"predecessor-version":[{"id":83,"href":"https:\/\/hofsieling.de\/index.php?rest_route=\/wp\/v2\/pages\/2\/revisions\/83"}],"wp:featuredmedia":[{"embeddable":true,"href":"https:\/\/hofsieling.de\/index.php?rest_route=\/wp\/v2\/media\/57"}],"wp:attachment":[{"href":"https:\/\/hofsieling.de\/index.php?rest_route=%2Fwp%2Fv2%2Fmedia&parent=2"}],"curies":[{"name":"wp","href":"https:\/\/api.w.org\/{rel}","templated":true}]}}